{"id":166,"date":"2021-03-20T00:59:52","date_gmt":"2021-03-20T05:59:52","guid":{"rendered":"https:\/\/joalsoft.com\/sitiowp\/?page_id=166"},"modified":"2021-03-21T22:14:05","modified_gmt":"2021-03-22T03:14:05","slug":"empresa","status":"publish","type":"page","link":"https:\/\/joalsoft.com\/?page_id=166","title":{"rendered":"Empresa"},"content":{"rendered":"<!-- wp:themify-builder\/canvas \/--><!--themify_builder_static--><img decoding=\"async\" loading=\"lazy\" width=\"1777\" height=\"956\" src=\"https:\/\/joalsoft.com\/wp-content\/uploads\/2021\/03\/Mision-Vision-y-Valores-de-una-Empresa.gif\" title=\"Mision-Vision-y-Valores-de-una-Empresa\" alt=\"Mision-Vision-y-Valores-de-una-Empresa\">\n<ul><li><h4>Misi\u00f3n<\/h4><p>Colocar en el mercado herramientas sistematizadas bajo plataforma web, que brinde facilidades de proceso y administraci\u00f3n de informaci\u00f3n teniendo como base la reducci\u00f3n de tiempo &#8211; tareas y su relaci\u00f3n costo beneficio, comprometi\u00e9ndonos con instrumentos desarrollados que van a la vanguardia de la tecnolog\u00eda con calidad en nuestros productos desarrollados y nuestro excelente servicio.<\/p><\/li><li><h4>Visi\u00f3n<\/h4><p>Ser la mejor casa de desarrollo en plataformas web a nivel departamental y nacional ofreci\u00e9ndoles a los clientes un paquete integral de servicios en la administraci\u00f3n de informaci\u00f3n v\u00eda internet; con calidad humana que nos caracterice por la satisfacci\u00f3n total de nuestros usuarios.<\/p><\/li><li><h4>Valores<\/h4><ul> <li>Confidencialidad.<\/li> <li>\u00c9tica y Compromiso.<\/li> <li>Conocimiento y Competencia.<\/li> <li>Motivaci\u00f3n.<\/li> <li>Confianza y Cooperaci\u00f3n.<\/li> <li>Profesionalidad.<\/li> <li>Honestidad.<\/li> <li>Creatividad y Soluciones Progresivas.<\/li> <\/ul> <p>Para nuestra organizaci\u00f3n el activo m\u00e1s importante es el conocimiento.<\/p><\/li><\/ul><!--\/themify_builder_static--><!-- AddThis Advanced Settings generic via filter on the_content --><!-- AddThis Share Buttons generic via filter on the_content -->","protected":false},"excerpt":{"rendered":"<p>Misi\u00f3n Colocar en el mercado herramientas sistematizadas bajo plataforma web, que brinde facilidades de proceso y administraci\u00f3n de informaci\u00f3n teniendo como base la reducci\u00f3n de tiempo &#8211; tareas y su relaci\u00f3n costo beneficio, comprometi\u00e9ndonos con instrumentos desarrollados que van a la vanguardia de la tecnolog\u00eda con calidad en nuestros productos desarrollados y nuestro excelente servicio. [&hellip;]<!-- AddThis Advanced Settings generic via filter on get_the_excerpt --><!-- AddThis Share Buttons generic via filter on get_the_excerpt --><\/p>\n","protected":false},"author":1,"featured_media":0,"parent":0,"menu_order":0,"comment_status":"closed","ping_status":"closed","template":"","meta":{"footnotes":""},"class_list":["post-166","page","type-page","status-publish","hentry","has-post-title","has-post-date","has-post-category","has-post-tag","has-post-comment","has-post-author",""],"builder_content":"<img loading=\"lazy\" decoding=\"async\" width=\"1777\" height=\"956\" src=\"https:\/\/joalsoft.com\/wp-content\/uploads\/2021\/03\/Mision-Vision-y-Valores-de-una-Empresa.gif\" title=\"Mision-Vision-y-Valores-de-una-Empresa\" alt=\"Mision-Vision-y-Valores-de-una-Empresa\">\n<ul><li><h4>Misi\u00f3n<\/h4><p>Colocar en el mercado herramientas sistematizadas bajo plataforma web, que brinde facilidades de proceso y administraci\u00f3n de informaci\u00f3n teniendo como base la reducci\u00f3n de tiempo - tareas y su relaci\u00f3n costo beneficio, comprometi\u00e9ndonos con instrumentos desarrollados que van a la vanguardia de la tecnolog\u00eda con calidad en nuestros productos desarrollados y nuestro excelente servicio.<\/p><\/li><li><h4>Visi\u00f3n<\/h4><p>Ser la mejor casa de desarrollo en plataformas web a nivel departamental y nacional ofreci\u00e9ndoles a los clientes un paquete integral de servicios en la administraci\u00f3n de informaci\u00f3n v\u00eda internet; con calidad humana que nos caracterice por la satisfacci\u00f3n total de nuestros usuarios.<\/p><\/li><li><h4>Valores<\/h4><ul> <li>Confidencialidad.<\/li> <li>\u00c9tica y Compromiso.<\/li> <li>Conocimiento y Competencia.<\/li> <li>Motivaci\u00f3n.<\/li> <li>Confianza y Cooperaci\u00f3n.<\/li> <li>Profesionalidad.<\/li> <li>Honestidad.<\/li> <li>Creatividad y Soluciones Progresivas.<\/li> <\/ul> <p>Para nuestra organizaci\u00f3n el activo m\u00e1s importante es el conocimiento.<\/p><\/li><\/ul>","_links":{"self":[{"href":"https:\/\/joalsoft.com\/index.php?rest_route=\/wp\/v2\/pages\/166","targetHints":{"allow":["GET"]}}],"collection":[{"href":"https:\/\/joalsoft.com\/index.php?rest_route=\/wp\/v2\/pages"}],"about":[{"href":"https:\/\/joalsoft.com\/index.php?rest_route=\/wp\/v2\/types\/page"}],"author":[{"embeddable":true,"href":"https:\/\/joalsoft.com\/index.php?rest_route=\/wp\/v2\/users\/1"}],"replies":[{"embeddable":true,"href":"https:\/\/joalsoft.com\/index.php?rest_route=%2Fwp%2Fv2%2Fcomments&post=166"}],"version-history":[{"count":24,"href":"https:\/\/joalsoft.com\/index.php?rest_route=\/wp\/v2\/pages\/166\/revisions"}],"predecessor-version":[{"id":359,"href":"https:\/\/joalsoft.com\/index.php?rest_route=\/wp\/v2\/pages\/166\/revisions\/359"}],"wp:attachment":[{"href":"https:\/\/joalsoft.com\/index.php?rest_route=%2Fwp%2Fv2%2Fmedia&parent=166"}],"curies":[{"name":"wp","href":"https:\/\/api.w.org\/{rel}","templated":true}]}}