{"id":282,"date":"2021-03-20T02:04:59","date_gmt":"2021-03-20T07:04:59","guid":{"rendered":"https:\/\/joalsoft.com\/sitiowp\/?page_id=282"},"modified":"2021-03-29T14:00:06","modified_gmt":"2021-03-29T19:00:06","slug":"sianotasoft","status":"publish","type":"page","link":"https:\/\/joalsoft.com\/?page_id=282","title":{"rendered":"Sianotasoft"},"content":{"rendered":"<!-- wp:themify-builder\/canvas \/-->\n\n\n<p><\/p>\n<!--themify_builder_static--><h2><br\/>PLATAFORMA WEB SIANOTASOFT &#8211; Sistema De Informaci\u00f3n Acad\u00e9mica De Notas<\/h2>\n<p><img decoding=\"async\" loading=\"lazy\" src=\"https:\/\/joalsoft.com\/wp-content\/uploads\/2021\/03\/SIANOTASOFT.png\" alt=\"\" width=\"341\" height=\"62\" \/><\/p> <p>\u00bfQu\u00e9 Es SIANOTASOFT?<\/p> <p>Soluci\u00f3n Efectiva para Facilitar y beneficiar los Procesos de las Instituciones Educativas, ajustado a las necesidades espec\u00edficas del sector, ofrece de forma integrada todos los m\u00f3dulos referentes a la Instituci\u00f3n Educativa, Estudiantes, Secretaria, Docentes y Padres de familia, bajo una plataforma web, manteniendo esta informaci\u00f3n actualizada en tiempo real, para que los Colegios suministren mejores servicios cada d\u00eda con sus usuarios.<\/p> <p>\u00bfCu\u00e1les Son Los Beneficios De SIANOTASOFT?<br \/>Funcionalidad: INSTITUCI\u00d3N EDUCATIVA, DOCENTES, PADRES DE FAMILIA &amp;\/O ACUDIENTES Y ESTUDIANTES:<\/p> <p>\u2713 Estructura abierta para cambios Sin inversi\u00f3n en infraestructura.<br \/>\u2713 Calificaciones, a nivel cuantitativa y cualitativa, bajo las normas actuales estipuladas por el Ministerio de Educaci\u00f3n Nacional.<br \/>\u2713 Niveles y opciones de acceso al sistema, de acuerdo a los tipos de cuenta algunas como: Administrativas, Profesores, Padres De Familia &amp;\/o Acudientes, Estudiantes.<br \/>\u2713 Modelo de Encriptaci\u00f3n para mantener integridad y seguridad en la informaci\u00f3n de la instituci\u00f3n educativa y sus usuarios.<br \/>\u2713 Bit\u00e1cora de acceso para controlar quien, cuando y a que modulo se tuvo acceso, esto con el fin de poder auditar, posibles alteraciones en el sistema.<br \/>\u2713 Informaci\u00f3n referente al perfil, cargo que desempe\u00f1a y carga acad\u00e9mica de los docentes en la instituci\u00f3n educativa.<br \/>\u2713 Datos b\u00e1sicos de los Alumnos, Padres de Familia &amp;\/o Acudientes.<br \/>\u2713 Elaboraci\u00f3n de matr\u00edculas y pensiones.<br \/>\u2713 Estado de cuenta por Alumno En Rendimiento Acad\u00e9mico.<\/p> <p>Entre Otras Ventajas Y Beneficios.<br \/>Comun\u00edquese para brindarle mayor informaci\u00f3n y despejar dudas e inquietudes.<\/p><!--\/themify_builder_static--><!-- AddThis Advanced Settings generic via filter on the_content --><!-- AddThis Share Buttons generic via filter on the_content -->","protected":false},"excerpt":{"rendered":"<p>PLATAFORMA WEB SIANOTASOFT &#8211; Sistema De Informaci\u00f3n Acad\u00e9mica De Notas \u00bfQu\u00e9 Es SIANOTASOFT? Soluci\u00f3n Efectiva para Facilitar y beneficiar los Procesos de las Instituciones Educativas, ajustado a las necesidades espec\u00edficas del sector, ofrece de forma integrada todos los m\u00f3dulos referentes a la Instituci\u00f3n Educativa, Estudiantes, Secretaria, Docentes y Padres de familia, bajo una plataforma web, [&hellip;]<!-- AddThis Advanced Settings generic via filter on get_the_excerpt --><!-- AddThis Share Buttons generic via filter on get_the_excerpt --><\/p>\n","protected":false},"author":1,"featured_media":0,"parent":0,"menu_order":0,"comment_status":"closed","ping_status":"closed","template":"","meta":{"footnotes":""},"class_list":["post-282","page","type-page","status-publish","hentry","has-post-title","has-post-date","has-post-category","has-post-tag","has-post-comment","has-post-author",""],"builder_content":"<h2><br\/>PLATAFORMA WEB SIANOTASOFT - Sistema De Informaci\u00f3n Acad\u00e9mica De Notas<\/h2>\n<p><img src=\"https:\/\/joalsoft.com\/wp-content\/uploads\/2021\/03\/SIANOTASOFT.png\" alt=\"\" width=\"341\" height=\"62\" \/><\/p> <p>\u00bfQu\u00e9 Es SIANOTASOFT?<\/p> <p>Soluci\u00f3n Efectiva para Facilitar y beneficiar los Procesos de las Instituciones Educativas, ajustado a las necesidades espec\u00edficas del sector, ofrece de forma integrada todos los m\u00f3dulos referentes a la Instituci\u00f3n Educativa, Estudiantes, Secretaria, Docentes y Padres de familia, bajo una plataforma web, manteniendo esta informaci\u00f3n actualizada en tiempo real, para que los Colegios suministren mejores servicios cada d\u00eda con sus usuarios.<\/p> <p>\u00bfCu\u00e1les Son Los Beneficios De SIANOTASOFT?<br \/>Funcionalidad: INSTITUCI\u00d3N EDUCATIVA, DOCENTES, PADRES DE FAMILIA &amp;\/O ACUDIENTES Y ESTUDIANTES:<\/p> <p>\u2713 Estructura abierta para cambios Sin inversi\u00f3n en infraestructura.<br \/>\u2713 Calificaciones, a nivel cuantitativa y cualitativa, bajo las normas actuales estipuladas por el Ministerio de Educaci\u00f3n Nacional.<br \/>\u2713 Niveles y opciones de acceso al sistema, de acuerdo a los tipos de cuenta algunas como: Administrativas, Profesores, Padres De Familia &amp;\/o Acudientes, Estudiantes.<br \/>\u2713 Modelo de Encriptaci\u00f3n para mantener integridad y seguridad en la informaci\u00f3n de la instituci\u00f3n educativa y sus usuarios.<br \/>\u2713 Bit\u00e1cora de acceso para controlar quien, cuando y a que modulo se tuvo acceso, esto con el fin de poder auditar, posibles alteraciones en el sistema.<br \/>\u2713 Informaci\u00f3n referente al perfil, cargo que desempe\u00f1a y carga acad\u00e9mica de los docentes en la instituci\u00f3n educativa.<br \/>\u2713 Datos b\u00e1sicos de los Alumnos, Padres de Familia &amp;\/o Acudientes.<br \/>\u2713 Elaboraci\u00f3n de matr\u00edculas y pensiones.<br \/>\u2713 Estado de cuenta por Alumno En Rendimiento Acad\u00e9mico.<\/p> <p>Entre Otras Ventajas Y Beneficios.<br \/>Comun\u00edquese para brindarle mayor informaci\u00f3n y despejar dudas e inquietudes.<\/p>","_links":{"self":[{"href":"https:\/\/joalsoft.com\/index.php?rest_route=\/wp\/v2\/pages\/282","targetHints":{"allow":["GET"]}}],"collection":[{"href":"https:\/\/joalsoft.com\/index.php?rest_route=\/wp\/v2\/pages"}],"about":[{"href":"https:\/\/joalsoft.com\/index.php?rest_route=\/wp\/v2\/types\/page"}],"author":[{"embeddable":true,"href":"https:\/\/joalsoft.com\/index.php?rest_route=\/wp\/v2\/users\/1"}],"replies":[{"embeddable":true,"href":"https:\/\/joalsoft.com\/index.php?rest_route=%2Fwp%2Fv2%2Fcomments&post=282"}],"version-history":[{"count":48,"href":"https:\/\/joalsoft.com\/index.php?rest_route=\/wp\/v2\/pages\/282\/revisions"}],"predecessor-version":[{"id":377,"href":"https:\/\/joalsoft.com\/index.php?rest_route=\/wp\/v2\/pages\/282\/revisions\/377"}],"wp:attachment":[{"href":"https:\/\/joalsoft.com\/index.php?rest_route=%2Fwp%2Fv2%2Fmedia&parent=282"}],"curies":[{"name":"wp","href":"https:\/\/api.w.org\/{rel}","templated":true}]}}