{"id":321,"date":"2021-03-20T02:25:22","date_gmt":"2021-03-20T07:25:22","guid":{"rendered":"https:\/\/joalsoft.com\/sitiowp\/?page_id=321"},"modified":"2021-03-20T02:31:02","modified_gmt":"2021-03-20T07:31:02","slug":"crm-sippum","status":"publish","type":"page","link":"https:\/\/joalsoft.com\/?page_id=321","title":{"rendered":"CRM &#8211; SIPPUM"},"content":{"rendered":"<!-- wp:themify-builder\/canvas \/--><!--themify_builder_static--><h2><br\/>PLATAFORMA WEB CRM &#8211; SIPPUM<\/h2>\n<p>\u00a0<\/p> <p style=\"text-align: center;\"><strong>\u00bfQu\u00e9 Es CRM?<\/strong><\/p> <p><strong>CRM (Customer Relationship Management)<\/strong> es la sigla que se utiliza para definir una estrategia de negocio enfocada al cliente, en la que el objetivo es reunir la mayor cantidad posible de informaci\u00f3n sobre los clientes para generar relaciones a largo plazo y aumentar as\u00ed su grado de satisfacci\u00f3n en la adquisici\u00f3n de un bien o servicio.<\/p> <p><strong>SIPPUM<\/strong> le permitir\u00e1 aplicar esta estrategia a su empresa de manera r\u00e1pida y eficaz. Es la aplicaci\u00f3n ideal para explotar su base de datos, mejorar la atenci\u00f3n al cliente y acelerar todas las etapas del ciclo de ventas. .<\/p> <p>\u00bfCu\u00e1les Son Los Beneficios De SIPPUM?<br \/>\u2713 Confidencialidad.<br \/>\u2713 F\u00e1cil de utilizar.<br \/>\u2713 Acceso en cualquier momento y lugar.<br \/>\u2713 R\u00e1pida implementaci\u00f3n.<br \/>\u2713 Seguridad garantizada.<br \/>\u2713 Sin inversi\u00f3n en infraestructura.<br \/>\u2713 Solo una cuota mensual.<\/p> <p>Entre Otras Ventajas Y Beneficios.<br \/>Comun\u00edquese para brindarle mayor informaci\u00f3n y despejar dudas e inquietudes.<\/p><!--\/themify_builder_static--><!-- AddThis Advanced Settings generic via filter on the_content --><!-- AddThis Share Buttons generic via filter on the_content -->","protected":false},"excerpt":{"rendered":"<p>PLATAFORMA WEB CRM &#8211; SIPPUM \u00a0 \u00bfQu\u00e9 Es CRM? CRM (Customer Relationship Management) es la sigla que se utiliza para definir una estrategia de negocio enfocada al cliente, en la que el objetivo es reunir la mayor cantidad posible de informaci\u00f3n sobre los clientes para generar relaciones a largo plazo y aumentar as\u00ed su grado [&hellip;]<!-- AddThis Advanced Settings generic via filter on get_the_excerpt --><!-- AddThis Share Buttons generic via filter on get_the_excerpt --><\/p>\n","protected":false},"author":1,"featured_media":0,"parent":0,"menu_order":0,"comment_status":"closed","ping_status":"closed","template":"","meta":{"footnotes":""},"class_list":["post-321","page","type-page","status-publish","hentry","has-post-title","has-post-date","has-post-category","has-post-tag","has-post-comment","has-post-author",""],"builder_content":"<h2><br\/>PLATAFORMA WEB CRM - SIPPUM<\/h2>\n<p>\u00a0<\/p> <p style=\"text-align: center;\"><strong>\u00bfQu\u00e9 Es CRM?<\/strong><\/p> <p><strong>CRM (Customer Relationship Management)<\/strong> es la sigla que se utiliza para definir una estrategia de negocio enfocada al cliente, en la que el objetivo es reunir la mayor cantidad posible de informaci\u00f3n sobre los clientes para generar relaciones a largo plazo y aumentar as\u00ed su grado de satisfacci\u00f3n en la adquisici\u00f3n de un bien o servicio.<\/p> <p><strong>SIPPUM<\/strong> le permitir\u00e1 aplicar esta estrategia a su empresa de manera r\u00e1pida y eficaz. Es la aplicaci\u00f3n ideal para explotar su base de datos, mejorar la atenci\u00f3n al cliente y acelerar todas las etapas del ciclo de ventas. .<\/p> <p>\u00bfCu\u00e1les Son Los Beneficios De SIPPUM?<br \/>\u2713 Confidencialidad.<br \/>\u2713 F\u00e1cil de utilizar.<br \/>\u2713 Acceso en cualquier momento y lugar.<br \/>\u2713 R\u00e1pida implementaci\u00f3n.<br \/>\u2713 Seguridad garantizada.<br \/>\u2713 Sin inversi\u00f3n en infraestructura.<br \/>\u2713 Solo una cuota mensual.<\/p> <p>Entre Otras Ventajas Y Beneficios.<br \/>Comun\u00edquese para brindarle mayor informaci\u00f3n y despejar dudas e inquietudes.<\/p>","_links":{"self":[{"href":"https:\/\/joalsoft.com\/index.php?rest_route=\/wp\/v2\/pages\/321","targetHints":{"allow":["GET"]}}],"collection":[{"href":"https:\/\/joalsoft.com\/index.php?rest_route=\/wp\/v2\/pages"}],"about":[{"href":"https:\/\/joalsoft.com\/index.php?rest_route=\/wp\/v2\/types\/page"}],"author":[{"embeddable":true,"href":"https:\/\/joalsoft.com\/index.php?rest_route=\/wp\/v2\/users\/1"}],"replies":[{"embeddable":true,"href":"https:\/\/joalsoft.com\/index.php?rest_route=%2Fwp%2Fv2%2Fcomments&post=321"}],"version-history":[{"count":3,"href":"https:\/\/joalsoft.com\/index.php?rest_route=\/wp\/v2\/pages\/321\/revisions"}],"predecessor-version":[{"id":324,"href":"https:\/\/joalsoft.com\/index.php?rest_route=\/wp\/v2\/pages\/321\/revisions\/324"}],"wp:attachment":[{"href":"https:\/\/joalsoft.com\/index.php?rest_route=%2Fwp%2Fv2%2Fmedia&parent=321"}],"curies":[{"name":"wp","href":"https:\/\/api.w.org\/{rel}","templated":true}]}}