{"id":61,"date":"2016-08-03T13:03:41","date_gmt":"2016-08-03T18:03:41","guid":{"rendered":"https:\/\/themify.me\/demo\/themes\/ultra-agency\/?page_id=18"},"modified":"2025-04-14T06:33:33","modified_gmt":"2025-04-14T11:33:33","slug":"inicio","status":"publish","type":"page","link":"https:\/\/joalsoft.com\/","title":{"rendered":"Inicio"},"content":{"rendered":"<!-- wp:themify-builder\/canvas \/--><!-- AddThis Advanced Settings generic via filter on the_content --><!-- AddThis Share Buttons generic via filter on the_content -->","protected":false},"excerpt":{"rendered":"<p><!-- AddThis Advanced Settings generic via filter on get_the_excerpt --><!-- AddThis Share Buttons generic via filter on get_the_excerpt --><\/p>\n","protected":false},"author":1,"featured_media":0,"parent":0,"menu_order":0,"comment_status":"closed","ping_status":"closed","template":"","meta":{"footnotes":""},"class_list":["post-61","page","type-page","status-publish","hentry","has-post-title","has-post-date","has-post-category","has-post-tag","has-post-comment","has-post-author",""],"builder_content":"<img src=\"data:image\/svg+xml;charset=UTF-8,%3Csvg%20xmlns%3D%22http%3A%2F%2Fwww.w3.org%2F2000%2Fsvg%22%20width%3D%22696%22%20height%3D%22455%22%3E%3Cg%20fill%3D%22%232eb100%22%3E%3Crect%20width%3D%22232%22%20height%3D%22151%22%2F%3E%3Crect%20width%3D%22232%22%20height%3D%22151%22%20fill%3D%22%23fefefe%22%20x%3D%22232%22%2F%3E%3Crect%20width%3D%22232%22%20height%3D%22151%22%20fill%3D%22%23fa9302%22%20x%3D%22464%22%2F%3E%3Crect%20width%3D%22232%22%20height%3D%22151%22%20fill%3D%22%23fefefe%22%20y%3D%22151%22%2F%3E%3Crect%20width%3D%22232%22%20height%3D%22151%22%20fill%3D%22%231176c6%22%20x%3D%22232%22%20y%3D%22151%22%2F%3E%3Crect%20width%3D%22232%22%20height%3D%22151%22%20fill%3D%22%23ffffff%22%20x%3D%22464%22%20y%3D%22151%22%2F%3E%3Crect%20width%3D%22232%22%20height%3D%22151%22%20fill%3D%22%23fefefe%22%20y%3D%22302%22%2F%3E%3Crect%20width%3D%22232%22%20height%3D%22151%22%20fill%3D%22%23ffffff%22%20x%3D%22232%22%20y%3D%22302%22%2F%3E%3Crect%20width%3D%22232%22%20height%3D%22151%22%20fill%3D%22%231078cb%22%20x%3D%22464%22%20y%3D%22302%22%2F%3E%3C%2Fg%3E%3C%2Fsvg%3E\" data-lazy=\"1\" loading=\"lazy\" decoding=\"async\" width=\"696\" height=\"455\" data-tf-src=\"https:\/\/joalsoft.com\/wp-content\/uploads\/2021\/03\/CRM1-696x455-1.png\" title=\"CRM1-696x455\" alt=\"PLATAFORMA WEB CRM - SIPPUM\" data-tf-srcset=\"https:\/\/joalsoft.com\/wp-content\/uploads\/2021\/03\/CRM1-696x455-1.png 696w, https:\/\/joalsoft.com\/wp-content\/uploads\/2021\/03\/CRM1-696x455-1-300x196.png 300w\" data-tf-sizes=\"auto, (max-width: 696px) 100vw, 696px\" \/><noscript><img loading=\"lazy\" decoding=\"async\" width=\"696\" height=\"455\" data-tf-not-load src=\"https:\/\/joalsoft.com\/wp-content\/uploads\/2021\/03\/CRM1-696x455-1.png\" title=\"CRM1-696x455\" alt=\"PLATAFORMA WEB CRM - SIPPUM\" srcset=\"https:\/\/joalsoft.com\/wp-content\/uploads\/2021\/03\/CRM1-696x455-1.png 696w, https:\/\/joalsoft.com\/wp-content\/uploads\/2021\/03\/CRM1-696x455-1-300x196.png 300w\" sizes=\"auto, (max-width: 696px) 100vw, 696px\" \/><\/noscript> \n <h3> PLATAFORMA WEB CRM - SIPPUM <\/h3> <img src=\"data:image\/svg+xml;charset=UTF-8,%3Csvg%20xmlns%3D%22http%3A%2F%2Fwww.w3.org%2F2000%2Fsvg%22%20width%3D%22780%22%20height%3D%22400%22%3E%3Cg%20fill%3D%22%230095da%22%3E%3Crect%20width%3D%22260%22%20height%3D%22133%22%2F%3E%3Crect%20width%3D%22260%22%20height%3D%22133%22%20fill%3D%22%23ffffff%22%20x%3D%22260%22%2F%3E%3Crect%20width%3D%22260%22%20height%3D%22133%22%20fill%3D%22%23fffff6%22%20x%3D%22520%22%2F%3E%3Crect%20width%3D%22260%22%20height%3D%22133%22%20fill%3D%22%230097dc%22%20y%3D%22133%22%2F%3E%3Crect%20width%3D%22260%22%20height%3D%22133%22%20fill%3D%22%23ffe0e0%22%20x%3D%22260%22%20y%3D%22133%22%2F%3E%3Crect%20width%3D%22260%22%20height%3D%22133%22%20fill%3D%22%23facb37%22%20x%3D%22520%22%20y%3D%22133%22%2F%3E%3Crect%20width%3D%22260%22%20height%3D%22133%22%20fill%3D%22%230095de%22%20y%3D%22266%22%2F%3E%3Crect%20width%3D%22260%22%20height%3D%22133%22%20fill%3D%22%23fffcf6%22%20x%3D%22260%22%20y%3D%22266%22%2F%3E%3Crect%20width%3D%22260%22%20height%3D%22133%22%20fill%3D%22%23fff6f5%22%20x%3D%22520%22%20y%3D%22266%22%2F%3E%3C%2Fg%3E%3C%2Fsvg%3E\" data-lazy=\"1\" loading=\"lazy\" decoding=\"async\" width=\"780\" height=\"400\" data-tf-src=\"https:\/\/joalsoft.com\/wp-content\/uploads\/2021\/03\/gestioneducativa.jpg\" title=\"gestioneducativa\" alt=\"SIANOTASOFT\" data-tf-srcset=\"https:\/\/joalsoft.com\/wp-content\/uploads\/2021\/03\/gestioneducativa.jpg 780w, https:\/\/joalsoft.com\/wp-content\/uploads\/2021\/03\/gestioneducativa-300x154.jpg 300w, https:\/\/joalsoft.com\/wp-content\/uploads\/2021\/03\/gestioneducativa-768x394.jpg 768w\" data-tf-sizes=\"auto, (max-width: 780px) 100vw, 780px\" \/><noscript><img loading=\"lazy\" decoding=\"async\" width=\"780\" height=\"400\" data-tf-not-load src=\"https:\/\/joalsoft.com\/wp-content\/uploads\/2021\/03\/gestioneducativa.jpg\" title=\"gestioneducativa\" alt=\"SIANOTASOFT\" srcset=\"https:\/\/joalsoft.com\/wp-content\/uploads\/2021\/03\/gestioneducativa.jpg 780w, https:\/\/joalsoft.com\/wp-content\/uploads\/2021\/03\/gestioneducativa-300x154.jpg 300w, https:\/\/joalsoft.com\/wp-content\/uploads\/2021\/03\/gestioneducativa-768x394.jpg 768w\" sizes=\"auto, (max-width: 780px) 100vw, 780px\" \/><\/noscript> \n <h3> SIANOTASOFT <\/h3> SIANOTASOFT\n<h2>Casa de Software<\/h2> <h5>Joalsoft Ltda., es una empresa Boyacense al servicio de los usuarios que desean solucionar problemas de sistematizaci\u00f3n en sus empresas, nace ante la necesidad de impulsar al mercado herramientas sistematizadas bajo plataforma web para el proceso y administraci\u00f3n de informaci\u00f3n en diferentes \u00e1reas en el departamento de Boyac\u00e1 y dem\u00e1s del pa\u00eds<\/h5>\nM\u00e1s\n<h2>Maggiori informazioni sul turismo a Goa<\/h2> <p> Grazie alle partnership con fornitori di software di livello mondiale, i migliori siti di casin\u00f2 online italiani offrono carte emozionanti e giochi a premi con croupier in carne e ossa. Ci sono molte varianti uniche di gioco con croupier dal vivo di Andar Bahar, Blackjack, Roulette e Teen Patti.<\/p> <p> Puoi visitare un sito di <a href=\"https:\/\/miglioricasinoonlineaams.com\/playzilla\">miglioricasinoonlineaams.com\/playzilla<\/a> e accedere a giochi divertenti, scommesse sportive e altre opzioni di account su un telefono cellulare o tablet. La maggior parte dei provider dispone di siti Web che funzionano con pi\u00f9 browser. Tuttavia, alcune dispongono di app autonome per un'esperienza di gioco su misura.<\/p> <p> Giri gratuiti. Bonus esclusivi. Inviato settimanalmente.<\/p> <p> Grazie per esserti iscritto!<\/p> <p> Conferma il tuo indirizzo e-mail nell'e-mail che riceverai a breve.<\/p> <p> DISCLAIMER: Le scommesse online sono illegali in alcune giurisdizioni. \u00c8 tua responsabilit\u00e0 controllare le normative locali prima di giocare online. GDC Media Ltd non si assume alcuna responsabilit\u00e0 per le tue azioni. \u00a9 2011-2024 GDC Media Limited. Tutti i diritti riservati. Gambling.com \u00e8 un marchio registrato di GDC Media Limited. Termini e condizioni |\u00a0\u00a0 Privacy e cookie Policy <\/p>\n<h2 style=\"text-align: center;\">Plataforma Web<\/h2> <p style=\"text-align: justify;\">Plataforma Para El Procesamiento De Informaci\u00f3n<br \/> Cuando desarrollamos un programa, lo desarrollamos para que funcione en una plataforma espec\u00edfica. Esto se refiere a que el programa va a funcionar en un determinado sistema operativo. Normalmente, hay versiones para Windows, MacOs, Linux, etc. Pero cuando nos referimos a una plataforma web, estamos diciendo que nuestro sistema funcionar\u00e1 desde un navegador web, independientemente del sistema operativo (SO) que se est\u00e9 utilizando.<\/p> <p style=\"text-align: justify;\">Plataforma de servicios web que brinda soluciones a problemas complejos de Procesamiento de archivos, Miner\u00eda de Textos y Procesamiento del Lenguaje Natural y permite integrar sus funcionalidades en aplicaciones de terceros.<\/p>\nM\u00e1s\n<svg> <circle r=\"calc(50% - 1px)\" cx=\"50%\" cy=\"50%\" stroke-width=\"2\"\/> <circle r=\"calc(50% - 1px)\" cx=\"50%\" cy=\"50%\" stroke=\"#23c3d1\" stroke-width=\"2\" data-progress=\"100\" stroke-dasharray=\"0,10000\"\/> <\/svg> <i style=\"color: #000\"><svg><use href=\"#tf-fas-desktop\"><\/use><\/svg><\/i> <h3> JOALSOFT\u00a0 puede ser de utilidad en: <\/h3> <p>\u00a0<\/p> <p>Empresas, Instituciones u organismos que requieran incorporar sus procesos en sistemas de an\u00e1lisis de informaci\u00f3n mediante servicios web.<\/p>\n<svg> <circle r=\"calc(50% - 1px)\" cx=\"50%\" cy=\"50%\" stroke-width=\"2\"\/> <circle r=\"calc(50% - 1px)\" cx=\"50%\" cy=\"50%\" stroke=\"#23c3d1\" stroke-width=\"2\" data-progress=\"100\" stroke-dasharray=\"0,10000\"\/> <\/svg> <i style=\"color: #000\"><svg><use href=\"#tf-fas-tag\"><\/use><\/svg><\/i> <h3> JOALSOFT\u00a0permite: <\/h3> <p>\u00a0<\/p> <ul> <li>Reutilizar las funcionalidades y algoritmos implementados mediante el consumo de servicios web.<\/li> <li>Reducir los costos en el desarrollo de aplicaciones comerciales, industriales, cient\u00edficas y educativas que requieran de servicios a trav\u00e9s de plataforma.<\/li> <\/ul> <p><\/p> <ul> <li>Reducir costos de papeler\u00eda al generar informe que se exportan a formatos como procesadores de texto, pdf, hojas de c\u00e1lculo, para su posterior impresi\u00f3n de ser necesario.<\/li> <li>Adjuntar, Extraer y procesar informaci\u00f3n de texto contenida en un archivo.<\/li> <li>Seguridad y control total sobre la informaci\u00f3n alojada en la base de datos.<\/li> <li>Ingresar solamente a usuarios registrados y de acuerdo al roll de usuario, dar opciones a m\u00f3dulos espec\u00edficos.<\/li> <li>Acceder desde cualquier lugar y computador con acceso a la Internet.<br \/>Instalar los aplicativos en servidores robustos, con requerimientos establecidos en memoria, capacidad de almacenamiento, seguridad de los datos y puerto de comunicaciones con backbone u autopistas de alta navegaci\u00f3n.<\/li> <\/ul>\n<h1>Caracter\u00edsticas<\/h1>\n\n\n<svg> <circle r=\"calc(50% - 1.5px)\" cx=\"50%\" cy=\"50%\" stroke-width=\"3\"\/> <circle r=\"calc(50% - 1.5px)\" cx=\"50%\" cy=\"50%\" stroke=\"#58a1f5\" stroke-width=\"3\" data-progress=\"100\" stroke-dasharray=\"0,10000\"\/> <\/svg> <i style=\"color: #58a1f5\"><svg><use href=\"#tf-fas-cogs\"><\/use><\/svg><\/i> <h3> Arquitectura Web Cliente \u2013 Servidor con tecnolog\u00eda de tres capas. <\/h3>\n<svg> <circle r=\"calc(50% - 1.5px)\" cx=\"50%\" cy=\"50%\" stroke-width=\"3\"\/> <circle r=\"calc(50% - 1.5px)\" cx=\"50%\" cy=\"50%\" stroke=\"#58a1f5\" stroke-width=\"3\" data-progress=\"100\" stroke-dasharray=\"0,10000\"\/> <\/svg> <i style=\"color: #58a1f5\"><svg><use href=\"#tf-fas-users\"><\/use><\/svg><\/i> <h3> La utilizaci\u00f3n simult\u00e1nea por gran cantidad de usuarios. <\/h3>\n<svg> <circle r=\"calc(50% - 1.5px)\" cx=\"50%\" cy=\"50%\" stroke-width=\"3\"\/> <circle r=\"calc(50% - 1.5px)\" cx=\"50%\" cy=\"50%\" stroke=\"#58a1f5\" stroke-width=\"3\" data-progress=\"100\" stroke-dasharray=\"0,10000\"\/> <\/svg> <i style=\"color: #58a1f5\"><svg><use href=\"#tf-fas-mobile\"><\/use><\/svg><\/i> <h3> La integraci\u00f3n de sus funcionalidades en otras aplicaciones de forma sencilla. <\/h3>\n<svg> <circle r=\"calc(50% - 1.5px)\" cx=\"50%\" cy=\"50%\" stroke-width=\"3\"\/> <circle r=\"calc(50% - 1.5px)\" cx=\"50%\" cy=\"50%\" stroke=\"#58a1f5\" stroke-width=\"3\" data-progress=\"100\" stroke-dasharray=\"0,10000\"\/> <\/svg> <i style=\"color: #58a1f5\"><svg><use href=\"#tf-fas-puzzle-piece\"><\/use><\/svg><\/i> <h3> Algoritmos, desarollos, funciones e investigaci\u00f3n tecnol\u00f3gica propias. <\/h3>\n<svg> <circle r=\"calc(50% - 1.5px)\" cx=\"50%\" cy=\"50%\" stroke-width=\"3\"\/> <circle r=\"calc(50% - 1.5px)\" cx=\"50%\" cy=\"50%\" stroke=\"#58a1f5\" stroke-width=\"3\" data-progress=\"100\" stroke-dasharray=\"0,10000\"\/> <\/svg> <i style=\"color: #58a1f5\"><svg><use href=\"#tf-ti-arrow-top-right\"><\/use><\/svg><\/i> <h3> La escalabilidad aumenta transparentemente seg\u00fan la demanda. <\/h3>\n<h3>Algunos De Nuestros Clientes<\/h3>\n[gallery ids=\"380,151,378,379,383,384,145,150\"]\n<h2>You Might Also Like<\/h2> <p>Play the best real money slots of 2024 at our top casinos today. It\u2019s never been easier to win big on your favorite slot games.<\/p> <p>Looking for a safe and reputable real money casino to play at? Check out our list of the best real money online casinos here.<\/p> <p>Sign up with our recommended new casinos to play the latest slot games and get the best welcome bonus offers for 2024 at <a href=\"https:\/\/goldencrowns.net\/\">crown casino online real money<\/a>.<\/p> <p>Sign up to our newsletter to take advantage of our fantastic offer.<\/p> <p> By subscribing you: consent to receive bonus offers and other emails from VSO; confirm that you are of legal age to gamble in your country of residence; and acknowledge that you have read and accepted our privacy policy. You can unsubscribe at any time. This site is protected by reCAPTCHA and the Google Privacy Policy and Terms of Service apply. <\/p>","_links":{"self":[{"href":"https:\/\/joalsoft.com\/index.php?rest_route=\/wp\/v2\/pages\/61","targetHints":{"allow":["GET"]}}],"collection":[{"href":"https:\/\/joalsoft.com\/index.php?rest_route=\/wp\/v2\/pages"}],"about":[{"href":"https:\/\/joalsoft.com\/index.php?rest_route=\/wp\/v2\/types\/page"}],"author":[{"embeddable":true,"href":"https:\/\/joalsoft.com\/index.php?rest_route=\/wp\/v2\/users\/1"}],"replies":[{"embeddable":true,"href":"https:\/\/joalsoft.com\/index.php?rest_route=%2Fwp%2Fv2%2Fcomments&post=61"}],"version-history":[{"count":106,"href":"https:\/\/joalsoft.com\/index.php?rest_route=\/wp\/v2\/pages\/61\/revisions"}],"predecessor-version":[{"id":385,"href":"https:\/\/joalsoft.com\/index.php?rest_route=\/wp\/v2\/pages\/61\/revisions\/385"}],"wp:attachment":[{"href":"https:\/\/joalsoft.com\/index.php?rest_route=%2Fwp%2Fv2%2Fmedia&parent=61"}],"curies":[{"name":"wp","href":"https:\/\/api.w.org\/{rel}","templated":true}]}}